{"id":3834,"date":"2021-02-12T12:26:54","date_gmt":"2021-02-12T11:26:54","guid":{"rendered":"https:\/\/www.torrealday.es\/aviso-legal\/"},"modified":"2021-02-12T12:26:54","modified_gmt":"2021-02-12T11:26:54","slug":"aviso-legal","status":"publish","type":"page","link":"https:\/\/www.torrealday.es\/eu\/aviso-legal\/","title":{"rendered":"Aviso legal"},"content":{"rendered":"\t\t<div data-elementor-type=\"wp-page\" data-elementor-id=\"3834\" class=\"elementor elementor-3834 elementor-3192\">\n\t\t\t\t\t\t<section class=\"elementor-section elementor-top-section elementor-element elementor-element-72ed7d96 elementor-section-boxed elementor-section-height-default elementor-section-height-default\" data-id=\"72ed7d96\" data-element_type=\"section\" data-e-type=\"section\">\n\t\t\t\t\t\t<div class=\"elementor-container elementor-column-gap-default\">\n\t\t\t\t\t<div class=\"elementor-column elementor-col-100 elementor-top-column elementor-element elementor-element-62b35a8b\" data-id=\"62b35a8b\" data-element_type=\"column\" data-e-type=\"column\">\n\t\t\t<div class=\"elementor-widget-wrap elementor-element-populated\">\n\t\t\t\t\t\t<div class=\"elementor-element elementor-element-74ee11f8 elementor-widget elementor-widget-text-editor\" data-id=\"74ee11f8\" data-element_type=\"widget\" data-e-type=\"widget\" data-widget_type=\"text-editor.default\">\n\t\t\t\t<div class=\"elementor-widget-container\">\n\t\t\t\t\t\t\t\t\t<h1>Aviso Legal<\/h1>\n<p>El presente aviso legal (en adelante, el &#8220;Aviso Legal&#8221;) regula el uso del servicio del portal de Internet www.torrealday.es (en adelante, el &#8220;Web&#8221;) de ASESORIA TORREALDAY SA con domicilio social en C\/ CARLOS GANGOITI, 28 &#8211; BJ, GERNIKA-LUMO, 48300, BIZKAIA con CIF A48163562.<\/p>\n<p>\u00a0<\/p>\n<h2><strong>Legislaci\u00f3n<\/strong><\/h2>\n<p>Con car\u00e1cter general las relaciones entre <a>ASESORIA TORREALDAY SA <\/a>con los Usuarios de sus servicios telem\u00e1ticos, presentes en la web, se encuentran sometidas a la legislaci\u00f3n y jurisdicci\u00f3n espa\u00f1olas.<\/p>\n<p>Las partes renuncian expresamente al fuero que les pudiera corresponder y someten expresamente a los Juzgados y Tribunales de Bizkaia para resolver cualquier controversia que pueda surgir en la interpretaci\u00f3n o ejecuci\u00f3n de las presentes condiciones contractuales.<\/p>\n<p>\u00a0<\/p>\n<h2><strong>Contenido y uso<\/strong><\/h2>\n<p>El Usuario queda informado, y acepta, que el acceso a la presente web no supone, en modo alguno, el inicio de una relaci\u00f3n comercial con ASESORIA TORREALDAY SA.<\/p>\n<p>El titular del web no se identifica con las opiniones vertidas en el mismo por sus colaboradores. La Empresa se reserva el derecho de efectuar sin previo aviso las modificaciones que considere oportunas en su Web, pudiendo cambiar, suprimir o a\u00f1adir tanto los contenidos y servicios que se presten a trav\u00e9s de la misma como la forma en la que \u00e9stos aparezcan presentados o localizados en sus servidores.<\/p>\n<p>\u00a0<\/p>\n<h2><strong>Propiedad intelectual e industrial<\/strong><\/h2>\n<p>Los derechos de propiedad intelectual del contenido de las p\u00e1ginas web, su dise\u00f1o gr\u00e1fico y c\u00f3digos son titularidad de ASESORIA TORREALDAY SA y, por tanto, queda prohibida su reproducci\u00f3n, distribuci\u00f3n, comunicaci\u00f3n p\u00fablica, transformaci\u00f3n o cualquier otra actividad que se pueda realizar con los contenidos de sus p\u00e1ginas web ni aun citando las fuentes, salvo consentimiento por escrito de ASESORIA TORREALDAY SA. Todos los nombres comerciales, marcas o signos distintos de cualquier clase contenidos en las p\u00e1ginas web de la Empresa son propiedad de sus due\u00f1os y est\u00e1n protegidos por ley.<\/p>\n<p>\u00a0<\/p>\n<h2><strong>Enlaces (Links)<\/strong><\/h2>\n<p>La presencia de enlaces (links) en las p\u00e1ginas web de ASESORIA TORREALDAY SA tiene finalidad meramente informativa y en ning\u00fan caso supone sugerencia, invitaci\u00f3n o recomendaci\u00f3n sobre los mismos.<\/p>\t\t\t\t\t\t\t\t<\/div>\n\t\t\t\t<\/div>\n\t\t\t\t\t<\/div>\n\t\t<\/div>\n\t\t\t\t\t<\/div>\n\t\t<\/section>\n\t\t\t\t<\/div>\n\t\t","protected":false},"excerpt":{"rendered":"<p>Aviso Legal El presente aviso legal (en adelante, el &#8220;Aviso Legal&#8221;) regula el uso del servicio del portal de Internet www.torrealday.es (en adelante, el &#8220;Web&#8221;) de ASESORIA TORREALDAY SA con domicilio social en C\/ CARLOS GANGOITI, 28 &#8211; BJ, GERNIKA-LUMO, 48300, BIZKAIA con CIF A48163562. \u00a0 Legislaci\u00f3n Con car\u00e1cter general las relaciones entre ASESORIA TORREALDAY&hellip;<\/p>\n","protected":false},"author":1,"featured_media":0,"parent":0,"menu_order":0,"comment_status":"closed","ping_status":"closed","template":"elementor_header_footer","meta":{"footnotes":""},"class_list":["post-3834","page","type-page","status-publish","hentry"],"yoast_head":"<!-- This site is optimized with the Yoast SEO plugin v27.4 - https:\/\/yoast.com\/product\/yoast-seo-wordpress\/ -->\n<title>Aviso legal - Torrealday<\/title>\n<meta name=\"robots\" content=\"index, follow, max-snippet:-1, max-image-preview:large, max-video-preview:-1\" \/>\n<link rel=\"canonical\" href=\"https:\/\/www.torrealday.es\/aviso-legal\/?lang=eu\" \/>\n<meta property=\"og:locale\" content=\"eu_ES\" \/>\n<meta property=\"og:type\" content=\"article\" \/>\n<meta property=\"og:title\" content=\"Aviso legal | Torrealday\" \/>\n<meta property=\"og:url\" content=\"https:\/\/www.torrealday.es\/aviso-legal\/?lang=eu\" \/>\n<meta property=\"og:site_name\" content=\"Torrealday\" \/>\n<meta name=\"twitter:card\" content=\"summary_large_image\" \/>\n<meta name=\"twitter:title\" content=\"Aviso legal | Torrealday\" \/>\n<meta name=\"twitter:label1\" content=\"Est. reading time\" \/>\n\t<meta name=\"twitter:data1\" content=\"2 minutes\" \/>\n<script type=\"application\/ld+json\" class=\"yoast-schema-graph\">{\"@context\":\"https:\\\/\\\/schema.org\",\"@graph\":[{\"@type\":\"WebPage\",\"@id\":\"https:\\\/\\\/www.torrealday.es\\\/aviso-legal\\\/?lang=eu\",\"url\":\"https:\\\/\\\/www.torrealday.es\\\/aviso-legal\\\/?lang=eu\",\"name\":\"Aviso legal - Torrealday\",\"isPartOf\":{\"@id\":\"https:\\\/\\\/www.torrealday.es\\\/#website\"},\"datePublished\":\"2021-02-12T11:26:54+00:00\",\"breadcrumb\":{\"@id\":\"https:\\\/\\\/www.torrealday.es\\\/aviso-legal\\\/?lang=eu#breadcrumb\"},\"inLanguage\":\"eu-ES\",\"potentialAction\":[{\"@type\":\"ReadAction\",\"target\":[\"https:\\\/\\\/www.torrealday.es\\\/aviso-legal\\\/?lang=eu\"]}]},{\"@type\":\"BreadcrumbList\",\"@id\":\"https:\\\/\\\/www.torrealday.es\\\/aviso-legal\\\/?lang=eu#breadcrumb\",\"itemListElement\":[{\"@type\":\"ListItem\",\"position\":1,\"name\":\"Portada\",\"item\":\"https:\\\/\\\/www.torrealday.es\\\/eu\\\/\"},{\"@type\":\"ListItem\",\"position\":2,\"name\":\"Aviso legal\"}]},{\"@type\":\"WebSite\",\"@id\":\"https:\\\/\\\/www.torrealday.es\\\/#website\",\"url\":\"https:\\\/\\\/www.torrealday.es\\\/\",\"name\":\"Torrealday\",\"description\":\"Asesor\u00eda laboral, contable, fiscal y jur\u00eddica\",\"potentialAction\":[{\"@type\":\"SearchAction\",\"target\":{\"@type\":\"EntryPoint\",\"urlTemplate\":\"https:\\\/\\\/www.torrealday.es\\\/?s={search_term_string}\"},\"query-input\":{\"@type\":\"PropertyValueSpecification\",\"valueRequired\":true,\"valueName\":\"search_term_string\"}}],\"inLanguage\":\"eu-ES\"}]}<\/script>\n<!-- \/ Yoast SEO plugin. -->","yoast_head_json":{"title":"Aviso legal - Torrealday","robots":{"index":"index","follow":"follow","max-snippet":"max-snippet:-1","max-image-preview":"max-image-preview:large","max-video-preview":"max-video-preview:-1"},"canonical":"https:\/\/www.torrealday.es\/aviso-legal\/?lang=eu","og_locale":"eu_ES","og_type":"article","og_title":"Aviso legal | Torrealday","og_url":"https:\/\/www.torrealday.es\/aviso-legal\/?lang=eu","og_site_name":"Torrealday","twitter_card":"summary_large_image","twitter_title":"Aviso legal | Torrealday","twitter_misc":{"Est. reading time":"2 minutes"},"schema":{"@context":"https:\/\/schema.org","@graph":[{"@type":"WebPage","@id":"https:\/\/www.torrealday.es\/aviso-legal\/?lang=eu","url":"https:\/\/www.torrealday.es\/aviso-legal\/?lang=eu","name":"Aviso legal - Torrealday","isPartOf":{"@id":"https:\/\/www.torrealday.es\/#website"},"datePublished":"2021-02-12T11:26:54+00:00","breadcrumb":{"@id":"https:\/\/www.torrealday.es\/aviso-legal\/?lang=eu#breadcrumb"},"inLanguage":"eu-ES","potentialAction":[{"@type":"ReadAction","target":["https:\/\/www.torrealday.es\/aviso-legal\/?lang=eu"]}]},{"@type":"BreadcrumbList","@id":"https:\/\/www.torrealday.es\/aviso-legal\/?lang=eu#breadcrumb","itemListElement":[{"@type":"ListItem","position":1,"name":"Portada","item":"https:\/\/www.torrealday.es\/eu\/"},{"@type":"ListItem","position":2,"name":"Aviso legal"}]},{"@type":"WebSite","@id":"https:\/\/www.torrealday.es\/#website","url":"https:\/\/www.torrealday.es\/","name":"Torrealday","description":"Asesor\u00eda laboral, contable, fiscal y jur\u00eddica","potentialAction":[{"@type":"SearchAction","target":{"@type":"EntryPoint","urlTemplate":"https:\/\/www.torrealday.es\/?s={search_term_string}"},"query-input":{"@type":"PropertyValueSpecification","valueRequired":true,"valueName":"search_term_string"}}],"inLanguage":"eu-ES"}]}},"_links":{"self":[{"href":"https:\/\/www.torrealday.es\/eu\/wp-json\/wp\/v2\/pages\/3834","targetHints":{"allow":["GET"]}}],"collection":[{"href":"https:\/\/www.torrealday.es\/eu\/wp-json\/wp\/v2\/pages"}],"about":[{"href":"https:\/\/www.torrealday.es\/eu\/wp-json\/wp\/v2\/types\/page"}],"author":[{"embeddable":true,"href":"https:\/\/www.torrealday.es\/eu\/wp-json\/wp\/v2\/users\/1"}],"replies":[{"embeddable":true,"href":"https:\/\/www.torrealday.es\/eu\/wp-json\/wp\/v2\/comments?post=3834"}],"version-history":[{"count":0,"href":"https:\/\/www.torrealday.es\/eu\/wp-json\/wp\/v2\/pages\/3834\/revisions"}],"wp:attachment":[{"href":"https:\/\/www.torrealday.es\/eu\/wp-json\/wp\/v2\/media?parent=3834"}],"curies":[{"name":"wp","href":"https:\/\/api.w.org\/{rel}","templated":true}]}}