{"id":3835,"date":"2021-02-12T11:14:50","date_gmt":"2021-02-12T10:14:50","guid":{"rendered":"https:\/\/www.torrealday.es\/blog\/"},"modified":"2023-09-21T10:24:44","modified_gmt":"2023-09-21T08:24:44","slug":"blog","status":"publish","type":"page","link":"https:\/\/www.torrealday.es\/eu\/blog\/","title":{"rendered":"BLOG"},"content":{"rendered":"\t\t<div data-elementor-type=\"wp-page\" data-elementor-id=\"3835\" class=\"elementor elementor-3835 elementor-3174\">\n\t\t\t\t\t\t<section class=\"elementor-section elementor-top-section elementor-element elementor-element-ec79bca elementor-section-stretched elementor-hidden-phone elementor-section-boxed elementor-section-height-default elementor-section-height-default\" data-id=\"ec79bca\" data-element_type=\"section\" data-e-type=\"section\" data-settings=\"{&quot;background_background&quot;:&quot;classic&quot;,&quot;stretch_section&quot;:&quot;section-stretched&quot;}\">\n\t\t\t\t\t\t\t<div class=\"elementor-background-overlay\"><\/div>\n\t\t\t\t\t\t\t<div class=\"elementor-container elementor-column-gap-no\">\n\t\t\t\t\t<div class=\"elementor-column elementor-col-100 elementor-top-column elementor-element elementor-element-55feb9b\" data-id=\"55feb9b\" data-element_type=\"column\" data-e-type=\"column\">\n\t\t\t<div class=\"elementor-widget-wrap elementor-element-populated\">\n\t\t\t\t\t\t<div class=\"elementor-element elementor-element-11ebf75 elementor-widget elementor-widget-heading\" data-id=\"11ebf75\" data-element_type=\"widget\" data-e-type=\"widget\" data-widget_type=\"heading.default\">\n\t\t\t\t<div class=\"elementor-widget-container\">\n\t\t\t\t\t<h1 class=\"elementor-heading-title elementor-size-small\">NUESTRO<\/h1>\t\t\t\t<\/div>\n\t\t\t\t<\/div>\n\t\t\t\t<div class=\"elementor-element elementor-element-6d4b8a5 elementor-widget elementor-widget-heading\" data-id=\"6d4b8a5\" data-element_type=\"widget\" data-e-type=\"widget\" data-widget_type=\"heading.default\">\n\t\t\t\t<div class=\"elementor-widget-container\">\n\t\t\t\t\t<h2 class=\"elementor-heading-title elementor-size-default\">BLOG<\/h2>\t\t\t\t<\/div>\n\t\t\t\t<\/div>\n\t\t\t\t\t<\/div>\n\t\t<\/div>\n\t\t\t\t\t<\/div>\n\t\t<\/section>\n\t\t\t\t<section class=\"elementor-section elementor-top-section elementor-element elementor-element-1bf9355 elementor-section-stretched elementor-section-full_width elementor-section-content-middle elementor-hidden-desktop elementor-hidden-tablet elementor-section-height-default elementor-section-height-default\" data-id=\"1bf9355\" data-element_type=\"section\" data-e-type=\"section\" data-settings=\"{&quot;background_background&quot;:&quot;classic&quot;,&quot;stretch_section&quot;:&quot;section-stretched&quot;}\">\n\t\t\t\t\t\t\t<div class=\"elementor-background-overlay\"><\/div>\n\t\t\t\t\t\t\t<div class=\"elementor-container elementor-column-gap-no\">\n\t\t\t\t\t<div class=\"elementor-column elementor-col-100 elementor-top-column elementor-element elementor-element-186ef76\" data-id=\"186ef76\" data-element_type=\"column\" data-e-type=\"column\">\n\t\t\t<div class=\"elementor-widget-wrap elementor-element-populated\">\n\t\t\t\t\t\t<div class=\"elementor-element elementor-element-b1c9216 elementor-widget elementor-widget-heading\" data-id=\"b1c9216\" data-element_type=\"widget\" data-e-type=\"widget\" data-widget_type=\"heading.default\">\n\t\t\t\t<div class=\"elementor-widget-container\">\n\t\t\t\t\t<h2 class=\"elementor-heading-title elementor-size-default\">nuestro<\/h2>\t\t\t\t<\/div>\n\t\t\t\t<\/div>\n\t\t\t\t<div class=\"elementor-element elementor-element-392e192 elementor-widget elementor-widget-heading\" data-id=\"392e192\" data-element_type=\"widget\" data-e-type=\"widget\" data-widget_type=\"heading.default\">\n\t\t\t\t<div class=\"elementor-widget-container\">\n\t\t\t\t\t<h1 class=\"elementor-heading-title elementor-size-default\">blog<\/h1>\t\t\t\t<\/div>\n\t\t\t\t<\/div>\n\t\t\t\t\t<\/div>\n\t\t<\/div>\n\t\t\t\t\t<\/div>\n\t\t<\/section>\n\t\t\t\t<section class=\"elementor-section elementor-top-section elementor-element elementor-element-c9fef61 elementor-section-boxed elementor-section-height-default elementor-section-height-default\" data-id=\"c9fef61\" data-element_type=\"section\" data-e-type=\"section\">\n\t\t\t\t\t\t<div class=\"elementor-container elementor-column-gap-wider\">\n\t\t\t\t\t<div class=\"elementor-column elementor-col-100 elementor-top-column elementor-element elementor-element-870cba1\" data-id=\"870cba1\" data-element_type=\"column\" data-e-type=\"column\">\n\t\t\t<div class=\"elementor-widget-wrap\">\n\t\t\t\t\t\t\t<\/div>\n\t\t<\/div>\n\t\t\t\t\t<\/div>\n\t\t<\/section>\n\t\t\t\t<section class=\"elementor-section elementor-top-section elementor-element elementor-element-5c57f2f elementor-section-boxed elementor-section-height-default elementor-section-height-default\" data-id=\"5c57f2f\" data-element_type=\"section\" data-e-type=\"section\">\n\t\t\t\t\t\t<div class=\"elementor-container elementor-column-gap-default\">\n\t\t\t\t\t<div class=\"elementor-column elementor-col-66 elementor-top-column elementor-element elementor-element-0760798\" data-id=\"0760798\" data-element_type=\"column\" data-e-type=\"column\">\n\t\t\t<div class=\"elementor-widget-wrap elementor-element-populated\">\n\t\t\t\t\t\t\t<\/div>\n\t\t<\/div>\n\t\t\t\t<div class=\"elementor-column elementor-col-33 elementor-top-column elementor-element elementor-element-5384cd5\" data-id=\"5384cd5\" data-element_type=\"column\" data-e-type=\"column\">\n\t\t\t<div class=\"elementor-widget-wrap elementor-element-populated\">\n\t\t\t\t\t\t<div class=\"elementor-element elementor-element-598a15e the7-search-form-icon-position-inside elementor-widget elementor-widget-the7-search-form-widget\" data-id=\"598a15e\" data-element_type=\"widget\" data-e-type=\"widget\" data-widget_type=\"the7-search-form-widget.default\">\n\t\t\t\t<div class=\"elementor-widget-container\">\n\t\t\t\t\t\t\t<form class=\"the7-search-form\" role=\"search\" action=\"https:\/\/www.torrealday.es\/eu\/\" method=\"get\">\n\t\t\t<div class=\"the7-search-input__container\">\n\t\t\t\t<input placeholder=\"Search...\" class=\"the7-search-form__input\" type=\"search\" name=\"s\" title=\"Search\" value=\"\">\n\n\t\t\t\t\t\t\t\t\t\t\t\t\t<button class=\"the7-clear-search\" type=\"reset\" title=\"Search\" aria-label=\"Clear\">\n\n\t\t\t\t\t\t\t<svg aria-hidden=\"true\" class=\"e-font-icon-svg e-fas-times\" viewBox=\"0 0 352 512\" xmlns=\"http:\/\/www.w3.org\/2000\/svg\"><path d=\"M242.72 256l100.07-100.07c12.28-12.28 12.28-32.19 0-44.48l-22.24-22.24c-12.28-12.28-32.19-12.28-44.48 0L176 189.28 75.93 89.21c-12.28-12.28-32.19-12.28-44.48 0L9.21 111.45c-12.28 12.28-12.28 32.19 0 44.48L109.28 256 9.21 356.07c-12.28 12.28-12.28 32.19 0 44.48l22.24 22.24c12.28 12.28 32.2 12.28 44.48 0L176 322.72l100.07 100.07c12.28 12.28 32.2 12.28 44.48 0l22.24-22.24c12.28-12.28 12.28-32.19 0-44.48L242.72 256z\"><\/path><\/svg>\t\t\t\t\t\t\t<span class=\"elementor-screen-only\">Clear<\/span>\n\n\t\t\t\t\t<\/button>\n\t\t\t\t\t\t\t<\/div>\n\t\t\t\t\t\t\t\t\t<button class=\"the7-search-form__submit\" type=\"submit\" title=\"Search\" aria-label=\"Search\">\n\n\t\t\t\t\t\t\t<svg aria-hidden=\"true\" class=\"e-font-icon-svg e-fas-search\" viewBox=\"0 0 512 512\" xmlns=\"http:\/\/www.w3.org\/2000\/svg\"><path d=\"M505 442.7L405.3 343c-4.5-4.5-10.6-7-17-7H372c27.6-35.3 44-79.7 44-128C416 93.1 322.9 0 208 0S0 93.1 0 208s93.1 208 208 208c48.3 0 92.7-16.4 128-44v16.3c0 6.4 2.5 12.5 7 17l99.7 99.7c9.4 9.4 24.6 9.4 33.9 0l28.3-28.3c9.4-9.4 9.4-24.6.1-34zM208 336c-70.7 0-128-57.2-128-128 0-70.7 57.2-128 128-128 70.7 0 128 57.2 128 128 0 70.7-57.2 128-128 128z\"><\/path><\/svg>\t\t\t\t\t\t\t<span class=\"elementor-screen-only\">Search<\/span>\n\n\t\t\t\t\t<\/button>\n\t\t\t\t\n\t\t<\/form>\n\t\t\t\t\t\t<\/div>\n\t\t\t\t<\/div>\n\t\t\t\t<div class=\"elementor-element elementor-element-6ebda78 elementor-widget elementor-widget-heading\" data-id=\"6ebda78\" data-element_type=\"widget\" data-e-type=\"widget\" data-widget_type=\"heading.default\">\n\t\t\t\t<div class=\"elementor-widget-container\">\n\t\t\t\t\t<p class=\"elementor-heading-title elementor-size-default\">\u00daltimas publicaciones<\/p>\t\t\t\t<\/div>\n\t\t\t\t<\/div>\n\t\t\t\t\t<\/div>\n\t\t<\/div>\n\t\t\t\t\t<\/div>\n\t\t<\/section>\n\t\t\t\t<section class=\"elementor-section elementor-top-section elementor-element elementor-element-33239fc elementor-section-stretched elementor-hidden-desktop elementor-hidden-tablet elementor-hidden-phone elementor-section-boxed elementor-section-height-default elementor-section-height-default\" data-id=\"33239fc\" data-element_type=\"section\" data-e-type=\"section\" data-settings=\"{&quot;stretch_section&quot;:&quot;section-stretched&quot;}\">\n\t\t\t\t\t\t<div class=\"elementor-container elementor-column-gap-wider\">\n\t\t\t\t\t<div class=\"elementor-column elementor-col-66 elementor-top-column elementor-element elementor-element-8bd93ad\" data-id=\"8bd93ad\" data-element_type=\"column\" data-e-type=\"column\">\n\t\t\t<div class=\"elementor-widget-wrap\">\n\t\t\t\t\t\t\t<\/div>\n\t\t<\/div>\n\t\t\t\t<div class=\"elementor-column elementor-col-33 elementor-top-column elementor-element elementor-element-3f4bcda\" data-id=\"3f4bcda\" data-element_type=\"column\" data-e-type=\"column\">\n\t\t\t<div class=\"elementor-widget-wrap elementor-element-populated\">\n\t\t\t\t\t\t<div class=\"elementor-element elementor-element-11a1a89 elementor-widget elementor-widget-sidebar\" data-id=\"11a1a89\" data-element_type=\"widget\" data-e-type=\"widget\" data-widget_type=\"sidebar.default\">\n\t\t\t\t<div class=\"elementor-widget-container\">\n\t\t\t\t\t<section id=\"search-3\" class=\"widget widget_search\"><div class=\"widget-title\">Buscar<\/div><form class=\"searchform\" role=\"search\" method=\"get\" action=\"https:\/\/www.torrealday.es\/eu\/\">\n    <label for=\"the7-search\" class=\"screen-reader-text\">Search:<\/label>\n    <input type=\"text\" id=\"the7-search\" class=\"field searchform-s\" name=\"s\" value=\"\" placeholder=\"Type and hit enter &hellip;\" \/>\n    <input type=\"submit\" class=\"assistive-text searchsubmit\" value=\"Go!\" \/>\n    <a href=\"\" class=\"submit\"><svg version=\"1.1\" id=\"Layer_1\" xmlns=\"http:\/\/www.w3.org\/2000\/svg\" xmlns:xlink=\"http:\/\/www.w3.org\/1999\/xlink\" x=\"0px\" y=\"0px\" viewBox=\"0 0 16 16\" style=\"enable-background:new 0 0 16 16;\" xml:space=\"preserve\"><path d=\"M11.7,10.3c2.1-2.9,1.5-7-1.4-9.1s-7-1.5-9.1,1.4s-1.5,7,1.4,9.1c2.3,1.7,5.4,1.7,7.7,0h0c0,0,0.1,0.1,0.1,0.1l3.8,3.8c0.4,0.4,1,0.4,1.4,0s0.4-1,0-1.4l-3.8-3.9C11.8,10.4,11.8,10.4,11.7,10.3L11.7,10.3z M12,6.5c0,3-2.5,5.5-5.5,5.5S1,9.5,1,6.5S3.5,1,6.5,1S12,3.5,12,6.5z\"\/><\/svg><\/a>\n<\/form>\n<\/section>\t\t\t\t<\/div>\n\t\t\t\t<\/div>\n\t\t\t\t\t<\/div>\n\t\t<\/div>\n\t\t\t\t\t<\/div>\n\t\t<\/section>\n\t\t\t\t<section class=\"elementor-section elementor-top-section elementor-element elementor-element-ccd97d5 elementor-section-stretched elementor-section-boxed elementor-section-height-default elementor-section-height-default\" data-id=\"ccd97d5\" data-element_type=\"section\" data-e-type=\"section\" data-settings=\"{&quot;stretch_section&quot;:&quot;section-stretched&quot;,&quot;background_background&quot;:&quot;classic&quot;}\">\n\t\t\t\t\t\t<div class=\"elementor-container elementor-column-gap-wider\">\n\t\t\t\t\t<div class=\"elementor-column elementor-col-50 elementor-top-column elementor-element elementor-element-5c3f3ad8\" data-id=\"5c3f3ad8\" data-element_type=\"column\" data-e-type=\"column\">\n\t\t\t<div class=\"elementor-widget-wrap elementor-element-populated\">\n\t\t\t\t\t\t<div class=\"elementor-element elementor-element-236420dc elementor-invisible elementor-widget elementor-widget-heading\" data-id=\"236420dc\" data-element_type=\"widget\" data-e-type=\"widget\" data-settings=\"{&quot;_animation&quot;:&quot;fadeInLeft&quot;}\" data-widget_type=\"heading.default\">\n\t\t\t\t<div class=\"elementor-widget-container\">\n\t\t\t\t\t<p class=\"elementor-heading-title elementor-size-default\">\u00bfTe<br> asesoramos?<\/p>\t\t\t\t<\/div>\n\t\t\t\t<\/div>\n\t\t\t\t<div class=\"elementor-element elementor-element-c1b592 animated-slow elementor-invisible elementor-widget elementor-widget-text-editor\" data-id=\"c1b592\" data-element_type=\"widget\" data-e-type=\"widget\" data-settings=\"{&quot;_animation&quot;:&quot;fadeIn&quot;}\" data-widget_type=\"text-editor.default\">\n\t\t\t\t<div class=\"elementor-widget-container\">\n\t\t\t\t\t\t\t\t\t<p>Da el salto y ver\u00e1s c\u00f3mo en Torrealday somos diferentes. Te ofrecemos un servicio personalizado que se adelanta a tus necesidades. Talento, experiencia, proactividad, profesionalidad, innovaci\u00f3n, confianza, mejora y cercan\u00eda son solo unas de las caracter\u00edsticas que nos definen y te ofrecemos.&nbsp;<\/p>\t\t\t\t\t\t\t\t<\/div>\n\t\t\t\t<\/div>\n\t\t\t\t\t<\/div>\n\t\t<\/div>\n\t\t\t\t<div class=\"elementor-column elementor-col-50 elementor-top-column elementor-element elementor-element-279be125\" data-id=\"279be125\" data-element_type=\"column\" data-e-type=\"column\">\n\t\t\t<div class=\"elementor-widget-wrap elementor-element-populated\">\n\t\t\t\t\t\t<div class=\"elementor-element elementor-element-540b925d elementor-widget elementor-widget-text-editor\" data-id=\"540b925d\" data-element_type=\"widget\" data-e-type=\"widget\" data-widget_type=\"text-editor.default\">\n\t\t\t\t<div class=\"elementor-widget-container\">\n\t\t\t\t\t\t\t\t\t<h2><span style=\"font-size: 45px !important; color: #265b4d;\">Hablemos<\/span><\/h2>\t\t\t\t\t\t\t\t<\/div>\n\t\t\t\t<\/div>\n\t\t\t\t<div class=\"elementor-element elementor-element-7533fa73 elementor-widget elementor-widget-text-editor\" data-id=\"7533fa73\" data-element_type=\"widget\" data-e-type=\"widget\" data-widget_type=\"text-editor.default\">\n\t\t\t\t<div class=\"elementor-widget-container\">\n\t\t\t\t\t\t\t\t\t<p>\n<div class=\"wpcf7 no-js\" id=\"wpcf7-f7966-o1\" lang=\"es-ES\" dir=\"ltr\" data-wpcf7-id=\"7966\">\n<div class=\"screen-reader-response\"><p role=\"status\" aria-live=\"polite\" aria-atomic=\"true\"><\/p> <ul><\/ul><\/div>\n<form action=\"\/eu\/wp-json\/wp\/v2\/pages\/3835#wpcf7-f7966-o1\" method=\"post\" class=\"wpcf7-form init wpcf7-acceptance-as-validation\" aria-label=\"Contact form\" novalidate=\"novalidate\" data-status=\"init\">\n<fieldset class=\"hidden-fields-container\"><input type=\"hidden\" name=\"_wpcf7\" value=\"7966\" \/><input type=\"hidden\" name=\"_wpcf7_version\" value=\"6.1.5\" \/><input type=\"hidden\" name=\"_wpcf7_locale\" value=\"es_ES\" \/><input type=\"hidden\" name=\"_wpcf7_unit_tag\" value=\"wpcf7-f7966-o1\" \/><input type=\"hidden\" name=\"_wpcf7_container_post\" value=\"0\" \/><input type=\"hidden\" name=\"_wpcf7_posted_data_hash\" value=\"\" \/><input type=\"hidden\" name=\"_wpcf7_recaptcha_response\" value=\"\" \/>\n<\/fieldset>\n<p><label> <span class=\"wpcf7-form-control-wrap\" data-name=\"your-name\"><input size=\"40\" maxlength=\"400\" class=\"wpcf7-form-control wpcf7-text wpcf7-validates-as-required\" aria-required=\"true\" aria-invalid=\"false\" placeholder=\"Su nombre*\" value=\"\" type=\"text\" name=\"your-name\" \/><\/span> <\/label>\n<\/p>\n<p><label> <span class=\"wpcf7-form-control-wrap\" data-name=\"your-email\"><input size=\"40\" maxlength=\"400\" class=\"wpcf7-form-control wpcf7-email wpcf7-validates-as-required wpcf7-text wpcf7-validates-as-email\" aria-required=\"true\" aria-invalid=\"false\" placeholder=\"Email*\" value=\"\" type=\"email\" name=\"your-email\" \/><\/span> <\/label>\n<\/p>\n<p><label style=\"color:#7a7a7a;\"> <span class=\"wpcf7-form-control-wrap\" data-name=\"your-tel\"><input size=\"40\" maxlength=\"400\" class=\"wpcf7-form-control wpcf7-tel wpcf7-validates-as-required wpcf7-text wpcf7-validates-as-tel\" aria-required=\"true\" aria-invalid=\"false\" placeholder=\"Tel\u00e9fono*\" value=\"\" type=\"tel\" name=\"your-tel\" \/><\/span> <\/label>\n<\/p>\n<p><span class=\"wpcf7-form-control-wrap\" data-name=\"oficina\"><select class=\"wpcf7-form-control wpcf7-select wpcf7-validates-as-required\" aria-required=\"true\" aria-invalid=\"false\" name=\"oficina\"><option value=\"-- Oficina --\">&#8212; Oficina &#8212;<\/option><option value=\"Amorebieta\">Amorebieta<\/option><option value=\"Barcelona\">Barcelona<\/option><option value=\"Bermeo\">Bermeo<\/option><option value=\"Bilbao\">Bilbao<\/option><option value=\"Castro Urdiales\">Castro Urdiales<\/option><option value=\"Durango\">Durango<\/option><option value=\"Elorrio\">Elorrio<\/option><option value=\"Erandio\">Erandio<\/option><option value=\"Ermua\">Ermua<\/option><option value=\"Estella\">Estella<\/option><option value=\"Gernika\">Gernika<\/option><option value=\"Irun\">Irun<\/option><option value=\"Leioa\">Leioa<\/option><option value=\"Lekeito\">Lekeito<\/option><option value=\"Llanera\">Llanera<\/option><option value=\"Llodio\">Llodio<\/option><option value=\"Logro\u00f1o\">Logro\u00f1o<\/option><option value=\"Madrid\">Madrid<\/option><option value=\"Mungia\">Mungia<\/option><option value=\"Ondarroa\">Ondarroa<\/option><option value=\"Portugalete\">Portugalete<\/option><option value=\"Santurtzi\">Santurtzi<\/option><option value=\"Tr\u00e1paga\">Tr\u00e1paga<\/option><option value=\"Tui\">Tui<\/option><option value=\"Zalla\">Zalla<\/option><\/select><\/span><br \/>\n<label> <span class=\"wpcf7-form-control-wrap\" data-name=\"your-message\"><textarea cols=\"40\" rows=\"10\" maxlength=\"2000\" class=\"wpcf7-form-control wpcf7-textarea\" aria-invalid=\"false\" placeholder=\"\u00bfEn qu\u00e9 podemos ayudarle?\" name=\"your-message\"><\/textarea><\/span> <\/label>\n<\/p>\n<div style=\"clear:both;text-align:LEFT;margin:0px 0 10px 0;font-size:14px\">\n\t<p style=\"color:#4a4a4a;\"><span class=\"wpcf7-form-control-wrap\" data-name=\"acceptance-658\"><span class=\"wpcf7-form-control wpcf7-acceptance\"><span class=\"wpcf7-list-item\"><label><input type=\"checkbox\" name=\"acceptance-658\" value=\"1\" aria-invalid=\"false\" \/><span class=\"wpcf7-list-item-label\">He le\u00eddo y acepto la <a style=\"text-decoration:underline!important;color:#4a4a4a;\" href=\"https:\/\/www.torrealday.es\/politica-de-privacidad\/\" target=\u201d_blank\u201d>pol\u00edtica de privacidad<\/a><\/p><p style=\"font-size:12px;line-height:1.2em;\">Nunca realizamos env\u00edos comerciales. \u00danicamente utilizaremos sus datos para responder a su consulta.<\/p><\/span><\/label><\/span><\/span><\/span>\n\t<\/p>\n<\/div>\n<input class=\"wpcf7-form-control wpcf7-hidden\" id=\"pagina\" value=\"\" type=\"hidden\" name=\"pagina\" \/>\n<input class=\"wpcf7-form-control wpcf7-hidden\" id=\"idlocal\" value=\"\" type=\"hidden\" name=\"idlocal\" \/>\n<p><input class=\"wpcf7-form-control wpcf7-submit has-spinner\" type=\"submit\" value=\"Enviar\" \/>\n<\/p><p style=\"display: none !important;\" class=\"akismet-fields-container\" data-prefix=\"_wpcf7_ak_\"><label>&#916;<textarea name=\"_wpcf7_ak_hp_textarea\" cols=\"45\" rows=\"8\" maxlength=\"100\"><\/textarea><\/label><input type=\"hidden\" id=\"ak_js_1\" name=\"_wpcf7_ak_js\" value=\"219\"\/><script>document.getElementById( \"ak_js_1\" ).setAttribute( \"value\", ( new Date() ).getTime() );<\/script><\/p><div class=\"wpcf7-response-output\" aria-hidden=\"true\"><\/div>\n<\/form>\n<\/div>\n<\/p>\t\t\t\t\t\t\t\t<\/div>\n\t\t\t\t<\/div>\n\t\t\t\t\t<\/div>\n\t\t<\/div>\n\t\t\t\t\t<\/div>\n\t\t<\/section>\n\t\t\t\t<\/div>\n\t\t","protected":false},"excerpt":{"rendered":"<p>NUESTRO BLOG nuestro blog Real Decreto Ley 5\/2023 Conciliaci\u00f3n de la vida familiar y profesional Normativa19\/09\/2023Ver art\u00edculo Programa Renove Industria 4.0 2023 Ayudas07\/09\/2023Ver art\u00edculo Programa Kontrata: apoyo a la contrataci\u00f3n, mantenimiento del empleo y experiencia profesional Ayudas01\/09\/2023Ver art\u00edculo Canal de denuncias obligatorio para empresas Laboral30\/08\/2023Ver art\u00edculo Ayudas a la contrataci\u00f3n de personas mayores de 30&hellip;<\/p>\n","protected":false},"author":1,"featured_media":0,"parent":0,"menu_order":0,"comment_status":"closed","ping_status":"closed","template":"","meta":{"footnotes":""},"class_list":["post-3835","page","type-page","status-publish","hentry"],"yoast_head":"<!-- This site is optimized with the Yoast SEO plugin v27.3 - https:\/\/yoast.com\/product\/yoast-seo-wordpress\/ -->\n<title>BLOG - Torrealday<\/title>\n<meta name=\"robots\" content=\"index, follow, max-snippet:-1, max-image-preview:large, max-video-preview:-1\" \/>\n<link rel=\"canonical\" href=\"https:\/\/www.torrealday.es\/eu\/blog\/\" \/>\n<meta property=\"og:locale\" content=\"eu_ES\" \/>\n<meta property=\"og:type\" content=\"article\" \/>\n<meta property=\"og:title\" content=\"BLOG | Torrealday\" \/>\n<meta property=\"og:url\" content=\"https:\/\/www.torrealday.es\/eu\/blog\/\" \/>\n<meta property=\"og:site_name\" content=\"Torrealday\" \/>\n<meta property=\"article:modified_time\" content=\"2023-09-21T08:24:44+00:00\" \/>\n<meta name=\"twitter:card\" content=\"summary_large_image\" \/>\n<meta name=\"twitter:title\" content=\"BLOG | Torrealday\" \/>\n<meta name=\"twitter:label1\" content=\"Est. reading time\" \/>\n\t<meta name=\"twitter:data1\" content=\"9 minutes\" \/>\n<script type=\"application\/ld+json\" class=\"yoast-schema-graph\">{\"@context\":\"https:\\\/\\\/schema.org\",\"@graph\":[{\"@type\":\"WebPage\",\"@id\":\"https:\\\/\\\/www.torrealday.es\\\/eu\\\/blog\\\/\",\"url\":\"https:\\\/\\\/www.torrealday.es\\\/eu\\\/blog\\\/\",\"name\":\"BLOG - Torrealday\",\"isPartOf\":{\"@id\":\"https:\\\/\\\/www.torrealday.es\\\/#website\"},\"datePublished\":\"2021-02-12T10:14:50+00:00\",\"dateModified\":\"2023-09-21T08:24:44+00:00\",\"breadcrumb\":{\"@id\":\"https:\\\/\\\/www.torrealday.es\\\/eu\\\/blog\\\/#breadcrumb\"},\"inLanguage\":\"eu-ES\",\"potentialAction\":[{\"@type\":\"ReadAction\",\"target\":[\"https:\\\/\\\/www.torrealday.es\\\/eu\\\/blog\\\/\"]}]},{\"@type\":\"BreadcrumbList\",\"@id\":\"https:\\\/\\\/www.torrealday.es\\\/eu\\\/blog\\\/#breadcrumb\",\"itemListElement\":[{\"@type\":\"ListItem\",\"position\":1,\"name\":\"Portada\",\"item\":\"https:\\\/\\\/www.torrealday.es\\\/eu\\\/\"},{\"@type\":\"ListItem\",\"position\":2,\"name\":\"BLOG\"}]},{\"@type\":\"WebSite\",\"@id\":\"https:\\\/\\\/www.torrealday.es\\\/#website\",\"url\":\"https:\\\/\\\/www.torrealday.es\\\/\",\"name\":\"Torrealday\",\"description\":\"Asesor\u00eda laboral, contable, fiscal y jur\u00eddica\",\"potentialAction\":[{\"@type\":\"SearchAction\",\"target\":{\"@type\":\"EntryPoint\",\"urlTemplate\":\"https:\\\/\\\/www.torrealday.es\\\/?s={search_term_string}\"},\"query-input\":{\"@type\":\"PropertyValueSpecification\",\"valueRequired\":true,\"valueName\":\"search_term_string\"}}],\"inLanguage\":\"eu-ES\"}]}<\/script>\n<!-- \/ Yoast SEO plugin. -->","yoast_head_json":{"title":"BLOG - Torrealday","robots":{"index":"index","follow":"follow","max-snippet":"max-snippet:-1","max-image-preview":"max-image-preview:large","max-video-preview":"max-video-preview:-1"},"canonical":"https:\/\/www.torrealday.es\/eu\/blog\/","og_locale":"eu_ES","og_type":"article","og_title":"BLOG | Torrealday","og_url":"https:\/\/www.torrealday.es\/eu\/blog\/","og_site_name":"Torrealday","article_modified_time":"2023-09-21T08:24:44+00:00","twitter_card":"summary_large_image","twitter_title":"BLOG | Torrealday","twitter_misc":{"Est. reading time":"9 minutes"},"schema":{"@context":"https:\/\/schema.org","@graph":[{"@type":"WebPage","@id":"https:\/\/www.torrealday.es\/eu\/blog\/","url":"https:\/\/www.torrealday.es\/eu\/blog\/","name":"BLOG - Torrealday","isPartOf":{"@id":"https:\/\/www.torrealday.es\/#website"},"datePublished":"2021-02-12T10:14:50+00:00","dateModified":"2023-09-21T08:24:44+00:00","breadcrumb":{"@id":"https:\/\/www.torrealday.es\/eu\/blog\/#breadcrumb"},"inLanguage":"eu-ES","potentialAction":[{"@type":"ReadAction","target":["https:\/\/www.torrealday.es\/eu\/blog\/"]}]},{"@type":"BreadcrumbList","@id":"https:\/\/www.torrealday.es\/eu\/blog\/#breadcrumb","itemListElement":[{"@type":"ListItem","position":1,"name":"Portada","item":"https:\/\/www.torrealday.es\/eu\/"},{"@type":"ListItem","position":2,"name":"BLOG"}]},{"@type":"WebSite","@id":"https:\/\/www.torrealday.es\/#website","url":"https:\/\/www.torrealday.es\/","name":"Torrealday","description":"Asesor\u00eda laboral, contable, fiscal y jur\u00eddica","potentialAction":[{"@type":"SearchAction","target":{"@type":"EntryPoint","urlTemplate":"https:\/\/www.torrealday.es\/?s={search_term_string}"},"query-input":{"@type":"PropertyValueSpecification","valueRequired":true,"valueName":"search_term_string"}}],"inLanguage":"eu-ES"}]}},"_links":{"self":[{"href":"https:\/\/www.torrealday.es\/eu\/wp-json\/wp\/v2\/pages\/3835","targetHints":{"allow":["GET"]}}],"collection":[{"href":"https:\/\/www.torrealday.es\/eu\/wp-json\/wp\/v2\/pages"}],"about":[{"href":"https:\/\/www.torrealday.es\/eu\/wp-json\/wp\/v2\/types\/page"}],"author":[{"embeddable":true,"href":"https:\/\/www.torrealday.es\/eu\/wp-json\/wp\/v2\/users\/1"}],"replies":[{"embeddable":true,"href":"https:\/\/www.torrealday.es\/eu\/wp-json\/wp\/v2\/comments?post=3835"}],"version-history":[{"count":4,"href":"https:\/\/www.torrealday.es\/eu\/wp-json\/wp\/v2\/pages\/3835\/revisions"}],"predecessor-version":[{"id":8847,"href":"https:\/\/www.torrealday.es\/eu\/wp-json\/wp\/v2\/pages\/3835\/revisions\/8847"}],"wp:attachment":[{"href":"https:\/\/www.torrealday.es\/eu\/wp-json\/wp\/v2\/media?parent=3835"}],"curies":[{"name":"wp","href":"https:\/\/api.w.org\/{rel}","templated":true}]}}