{"id":3840,"date":"2021-02-12T12:28:15","date_gmt":"2021-02-12T11:28:15","guid":{"rendered":"https:\/\/www.torrealday.es\/politica-de-privacidad\/"},"modified":"2021-02-12T12:28:15","modified_gmt":"2021-02-12T11:28:15","slug":"politica-de-privacidad","status":"publish","type":"page","link":"https:\/\/www.torrealday.es\/eu\/politica-de-privacidad\/","title":{"rendered":"Politica de privacidad"},"content":{"rendered":"\t\t<div data-elementor-type=\"wp-page\" data-elementor-id=\"3840\" class=\"elementor elementor-3840 elementor-3194\">\n\t\t\t\t\t\t<section class=\"elementor-section elementor-top-section elementor-element elementor-element-578e8268 elementor-section-boxed elementor-section-height-default elementor-section-height-default\" data-id=\"578e8268\" data-element_type=\"section\" data-e-type=\"section\">\n\t\t\t\t\t\t<div class=\"elementor-container elementor-column-gap-default\">\n\t\t\t\t\t<div class=\"elementor-column elementor-col-100 elementor-top-column elementor-element elementor-element-5fb04dd0\" data-id=\"5fb04dd0\" data-element_type=\"column\" data-e-type=\"column\">\n\t\t\t<div class=\"elementor-widget-wrap elementor-element-populated\">\n\t\t\t\t\t\t<div class=\"elementor-element elementor-element-5fa32e67 elementor-widget elementor-widget-text-editor\" data-id=\"5fa32e67\" data-element_type=\"widget\" data-e-type=\"widget\" data-widget_type=\"text-editor.default\">\n\t\t\t\t<div class=\"elementor-widget-container\">\n\t\t\t\t\t\t\t\t\t<p><\/p>\n<h1>Pol\u00edtica de Privacidad<\/h1>\n<p>\u00a0<\/p>\n<h2><strong>Confidencialidad y Protecci\u00f3n de Datos<\/strong><\/h2>\n\n<p>A efecto de lo previsto en RGPD de 27 de abril de 2016, ASESORIA TORREALDAY SA informa al Usuario de la existencia de un tratamiento automatizado de datos de car\u00e1cter personal creado por y para ASESORIA TORREALDAY SA y bajo su responsabilidad, con la finalidad de realizar el mantenimiento y gesti\u00f3n de la relaci\u00f3n con el Usuario, as\u00ed como las labores de informaci\u00f3n. En el momento de la aceptaci\u00f3n de las presentes condiciones generales, ASESORIA TORREALDAY SA precisar\u00e1 del Usuario la recogida de unos datos imprescindibles para la prestaci\u00f3n de sus servicios.<\/p>\n<p>\u00a0<\/p>\n\n<h2><strong>Registro de ficheros y formularios<\/strong><\/h2>\n\n<p>La cumplimentaci\u00f3n del formulario de registro es obligatoria para acceder y disfrutar de determinados servicios ofrecidos en la web. El no facilitar los datos personales solicitados o el no aceptar la presente pol\u00edtica de protecci\u00f3n de datos supone la imposibilidad de suscribirse, registrarse o participar en cualquiera de las promociones en las que se soliciten datos car\u00e1cter personal.<\/p>\n\n<p>A efecto de lo previsto en RGPD de 27 de abril de 2016, le informamos que los datos personales que se obtengan como consecuencia de su registro como Usuario, ser\u00e1n incorporados a un fichero titularidad de ASESORIA TORREALDAY SA con C.I.F A48163562 y domicilio en C\/ CARLOS GANGOITI, 28 &#8211; BJ, GERNIKA-LUMO, 48300, BIZKAIA, teniendo implementadas las medidas de seguridad pertinentes.<\/p>\n<p>\u00a0<\/p>\n\n<h2><strong>Exactitud y veracidad de los datos facilitados<\/strong><\/h2>\n\n<p>El Usuario es el \u00fanico responsable de la veracidad y correcci\u00f3n de los datos incluidos, exoner\u00e1ndose ASESORIA TORREALDAY SA de cualquier responsabilidad al respecto. Los usuarios garantizan y responden, en cualquier caso, de la exactitud, vigencia y autenticidad de los datos personales facilitados, y se comprometen a mantenerlos debidamente actualizados. El usuario acepta proporcionar informaci\u00f3n completa y correcta en el formulario de registro o suscripci\u00f3n. ASESORIA TORREALDAY SA no responde de la veracidad de las informaciones que no sean de elaboraci\u00f3n propia y de las que se indique otra fuente, por lo que tampoco asume responsabilidad alguna en cuanto a hipot\u00e9ticos perjuicios que pudieran originarse por el uso de dicha informaci\u00f3n. \u00a0ASESORIA TORREALDAY SA se reserva el derecho a actualizar, modificar o eliminar la informaci\u00f3n contenida en sus p\u00e1ginas web pudiendo incluso limitar o no permitir el acceso a dicha informaci\u00f3n. Se exonera a ASESORIA TORREALDAY SA de responsabilidad ante cualquier da\u00f1o o perjuicio que pudiera sufrir el Usuario como consecuencia de errores, defectos u omisiones, en la informaci\u00f3n facilitada por ASESORIA TORREALDAY SA siempre que proceda de fuentes ajenas a ASESORIA TORREALDAY SA.<\/p>\n<p>\u00a0<\/p>\n\n<h2><strong>Cookies<\/strong><\/h2>\n\n<p>ASESOR\u00cdA TORREALDAY SA no utiliza cookies para recoger informaci\u00f3n de los usuarios. \u00danicamente se utilizan cookies propias,\u00a0 de sesi\u00f3n, con finalidad t\u00e9cnica (aquellas que permiten al usuario la navegaci\u00f3n a trav\u00e9s del sitio web y la utilizaci\u00f3n de las diferentes opciones y servicios que en ella existen).<\/p>\n<p>\u00a0<\/p>\n\n<h2><strong>Finalidades<\/strong><\/h2>\n\n<p>Las finalidades de ASESOR\u00cdA TORREALDAY SA son el mantenimiento y gesti\u00f3n de la relaci\u00f3n con el Usuario, as\u00ed como las labores de informaci\u00f3n.<\/p>\n<p>\u00a0<\/p>\n\n<h2><strong>Menores de edad<\/strong><\/h2>\n\n<p>En el supuesto que algunos de nuestros servicios vayan dirigidos espec\u00edficamente a menores de edad, ASESORIA TORREALDAY SA solicitar\u00e1 la conformidad de los padres o tutores para la recogida de los datos personales o, en su caso, para el tratamiento automatizado de los datos.<\/p>\n<p>\u00a0<\/p>\n\n<h2><strong>Cesi\u00f3n de datos a terceros<\/strong><\/h2>\n\n<p>ASESORIA TORREALDAY SA no realizar\u00e1 cesi\u00f3n de datos de los usuarios a terceros.<\/p>\n<p>\u00a0<\/p>\n\n<h2><strong>Ejercicio de derechos de acceso, rectificaci\u00f3n, cancelaci\u00f3n y oposici\u00f3n<\/strong><\/h2>\n\n<p>Podr\u00e1 dirigir sus comunicaciones y ejercitar los derechos de acceso, rectificaci\u00f3n, supresi\u00f3n, limitaci\u00f3n, portabilidad y oposici\u00f3n en la direcci\u00f3n de Internet a www.torrealday.es o bien por correo ordinario dirigido a ASESORIA TORREALDAY SA, Ref. RGPD, en C\/ CARLOS GANGOITI, 28 &#8211; BJ, GERNIKA-LUMO, 48300, BIZKAIA. Para ejercer dichos derechos es necesario que usted acredite su personalidad frente a ASESORIA TORREALDAY SA mediante el env\u00edo de fotocopia de Documento Nacional de Identidad o cualquier otro medio v\u00e1lido en Derecho. No obstante, la modificaci\u00f3n o rectificaci\u00f3n de sus datos de registro se podr\u00e1 realizar en el propio Site identific\u00e1ndose, previamente, con su usuario y contrase\u00f1a.<\/p>\n<p>\u00a0<\/p>\n\n<h2><strong>Medidas de seguridad<\/strong><\/h2>\n\n<p>ASESORIA TORREALDAY SA\u00a0\u00a0 ha adoptado los niveles de seguridad de protecci\u00f3n de los Datos Personales legalmente requeridos, y procuran instalar aquellos otros medios y medidas t\u00e9cnicas adicionales a su alcance para evitar la p\u00e9rdida, mal uso, alteraci\u00f3n, acceso no autorizado y robo de los Datos Personales facilitados a ASESORIA TORREALDAY SA no ser\u00e1 responsable de posibles da\u00f1os o perjuicios que se pudieran derivar de interferencias, omisiones, interrupciones, virus inform\u00e1ticos, aver\u00edas telef\u00f3nicas o desconexiones en el funcionamiento operativo de este sistema electr\u00f3nico, motivadas por causas ajenas a ASESORIA TORREALDAY SA; de retrasos o bloqueos en el uso del presente sistema electr\u00f3nico causados por deficiencias o sobrecargas de l\u00edneas telef\u00f3nicas o sobrecargas en el Centro de Procesos de Datos, en el sistema de Internet o en otros sistemas electr\u00f3nicos, as\u00ed como de da\u00f1os que puedan ser causados por terceras personas mediante intromisiones ileg\u00edtimas fuera del control de ASESORIA TORREALDAY SA. Ello, no obstante, el Usuario debe ser consciente de que las medidas de seguridad en Internet no son inexpugnables.<\/p>\n<p>\u00a0<\/p>\n\n<h2><strong>Aceptaci\u00f3n y consentimiento<\/strong><\/h2>\n\n<p>El usuario declara haber sido informado de las condiciones sobre protecci\u00f3n de datos personales, aceptando y consintiendo el tratamiento automatizado de los mismos por parte de ASESORIA TORREALDAY SA, en la forma y para las finalidades indicadas en la presente Pol\u00edtica de Protecci\u00f3n de Datos Personales. Ciertos servicios prestados en el Portal pueden contener condiciones particulares con previsiones espec\u00edficas en materia de protecci\u00f3n de Datos Personales.<\/p>\n\t\t\t\t\t\t\t\t<\/div>\n\t\t\t\t<\/div>\n\t\t\t\t\t<\/div>\n\t\t<\/div>\n\t\t\t\t\t<\/div>\n\t\t<\/section>\n\t\t\t\t<\/div>\n\t\t","protected":false},"excerpt":{"rendered":"<p>Pol\u00edtica de Privacidad \u00a0 Confidencialidad y Protecci\u00f3n de Datos A efecto de lo previsto en RGPD de 27 de abril de 2016, ASESORIA TORREALDAY SA informa al Usuario de la existencia de un tratamiento automatizado de datos de car\u00e1cter personal creado por y para ASESORIA TORREALDAY SA y bajo su responsabilidad, con la finalidad de&hellip;<\/p>\n","protected":false},"author":1,"featured_media":0,"parent":0,"menu_order":0,"comment_status":"closed","ping_status":"closed","template":"elementor_header_footer","meta":{"footnotes":""},"class_list":["post-3840","page","type-page","status-publish","hentry"],"yoast_head":"<!-- This site is optimized with the Yoast SEO plugin v27.4 - https:\/\/yoast.com\/product\/yoast-seo-wordpress\/ -->\n<title>Politica de privacidad - Torrealday<\/title>\n<meta name=\"robots\" content=\"index, follow, max-snippet:-1, max-image-preview:large, max-video-preview:-1\" \/>\n<link rel=\"canonical\" href=\"https:\/\/www.torrealday.es\/politica-de-privacidad\/?lang=eu\" \/>\n<meta property=\"og:locale\" content=\"eu_ES\" \/>\n<meta property=\"og:type\" content=\"article\" \/>\n<meta property=\"og:title\" content=\"Politica de privacidad | Torrealday\" \/>\n<meta property=\"og:url\" content=\"https:\/\/www.torrealday.es\/politica-de-privacidad\/?lang=eu\" \/>\n<meta property=\"og:site_name\" content=\"Torrealday\" \/>\n<meta name=\"twitter:card\" content=\"summary_large_image\" \/>\n<meta name=\"twitter:title\" content=\"Politica de privacidad | Torrealday\" \/>\n<meta name=\"twitter:label1\" content=\"Est. reading time\" \/>\n\t<meta name=\"twitter:data1\" content=\"5 minutes\" \/>\n<script type=\"application\/ld+json\" class=\"yoast-schema-graph\">{\"@context\":\"https:\\\/\\\/schema.org\",\"@graph\":[{\"@type\":\"WebPage\",\"@id\":\"https:\\\/\\\/www.torrealday.es\\\/politica-de-privacidad\\\/?lang=eu\",\"url\":\"https:\\\/\\\/www.torrealday.es\\\/politica-de-privacidad\\\/?lang=eu\",\"name\":\"Politica de privacidad - Torrealday\",\"isPartOf\":{\"@id\":\"https:\\\/\\\/www.torrealday.es\\\/#website\"},\"datePublished\":\"2021-02-12T11:28:15+00:00\",\"breadcrumb\":{\"@id\":\"https:\\\/\\\/www.torrealday.es\\\/politica-de-privacidad\\\/?lang=eu#breadcrumb\"},\"inLanguage\":\"eu-ES\",\"potentialAction\":[{\"@type\":\"ReadAction\",\"target\":[\"https:\\\/\\\/www.torrealday.es\\\/politica-de-privacidad\\\/?lang=eu\"]}]},{\"@type\":\"BreadcrumbList\",\"@id\":\"https:\\\/\\\/www.torrealday.es\\\/politica-de-privacidad\\\/?lang=eu#breadcrumb\",\"itemListElement\":[{\"@type\":\"ListItem\",\"position\":1,\"name\":\"Portada\",\"item\":\"https:\\\/\\\/www.torrealday.es\\\/eu\\\/\"},{\"@type\":\"ListItem\",\"position\":2,\"name\":\"Politica de privacidad\"}]},{\"@type\":\"WebSite\",\"@id\":\"https:\\\/\\\/www.torrealday.es\\\/#website\",\"url\":\"https:\\\/\\\/www.torrealday.es\\\/\",\"name\":\"Torrealday\",\"description\":\"Asesor\u00eda laboral, contable, fiscal y jur\u00eddica\",\"potentialAction\":[{\"@type\":\"SearchAction\",\"target\":{\"@type\":\"EntryPoint\",\"urlTemplate\":\"https:\\\/\\\/www.torrealday.es\\\/?s={search_term_string}\"},\"query-input\":{\"@type\":\"PropertyValueSpecification\",\"valueRequired\":true,\"valueName\":\"search_term_string\"}}],\"inLanguage\":\"eu-ES\"}]}<\/script>\n<!-- \/ Yoast SEO plugin. -->","yoast_head_json":{"title":"Politica de privacidad - Torrealday","robots":{"index":"index","follow":"follow","max-snippet":"max-snippet:-1","max-image-preview":"max-image-preview:large","max-video-preview":"max-video-preview:-1"},"canonical":"https:\/\/www.torrealday.es\/politica-de-privacidad\/?lang=eu","og_locale":"eu_ES","og_type":"article","og_title":"Politica de privacidad | Torrealday","og_url":"https:\/\/www.torrealday.es\/politica-de-privacidad\/?lang=eu","og_site_name":"Torrealday","twitter_card":"summary_large_image","twitter_title":"Politica de privacidad | Torrealday","twitter_misc":{"Est. reading time":"5 minutes"},"schema":{"@context":"https:\/\/schema.org","@graph":[{"@type":"WebPage","@id":"https:\/\/www.torrealday.es\/politica-de-privacidad\/?lang=eu","url":"https:\/\/www.torrealday.es\/politica-de-privacidad\/?lang=eu","name":"Politica de privacidad - Torrealday","isPartOf":{"@id":"https:\/\/www.torrealday.es\/#website"},"datePublished":"2021-02-12T11:28:15+00:00","breadcrumb":{"@id":"https:\/\/www.torrealday.es\/politica-de-privacidad\/?lang=eu#breadcrumb"},"inLanguage":"eu-ES","potentialAction":[{"@type":"ReadAction","target":["https:\/\/www.torrealday.es\/politica-de-privacidad\/?lang=eu"]}]},{"@type":"BreadcrumbList","@id":"https:\/\/www.torrealday.es\/politica-de-privacidad\/?lang=eu#breadcrumb","itemListElement":[{"@type":"ListItem","position":1,"name":"Portada","item":"https:\/\/www.torrealday.es\/eu\/"},{"@type":"ListItem","position":2,"name":"Politica de privacidad"}]},{"@type":"WebSite","@id":"https:\/\/www.torrealday.es\/#website","url":"https:\/\/www.torrealday.es\/","name":"Torrealday","description":"Asesor\u00eda laboral, contable, fiscal y jur\u00eddica","potentialAction":[{"@type":"SearchAction","target":{"@type":"EntryPoint","urlTemplate":"https:\/\/www.torrealday.es\/?s={search_term_string}"},"query-input":{"@type":"PropertyValueSpecification","valueRequired":true,"valueName":"search_term_string"}}],"inLanguage":"eu-ES"}]}},"_links":{"self":[{"href":"https:\/\/www.torrealday.es\/eu\/wp-json\/wp\/v2\/pages\/3840","targetHints":{"allow":["GET"]}}],"collection":[{"href":"https:\/\/www.torrealday.es\/eu\/wp-json\/wp\/v2\/pages"}],"about":[{"href":"https:\/\/www.torrealday.es\/eu\/wp-json\/wp\/v2\/types\/page"}],"author":[{"embeddable":true,"href":"https:\/\/www.torrealday.es\/eu\/wp-json\/wp\/v2\/users\/1"}],"replies":[{"embeddable":true,"href":"https:\/\/www.torrealday.es\/eu\/wp-json\/wp\/v2\/comments?post=3840"}],"version-history":[{"count":0,"href":"https:\/\/www.torrealday.es\/eu\/wp-json\/wp\/v2\/pages\/3840\/revisions"}],"wp:attachment":[{"href":"https:\/\/www.torrealday.es\/eu\/wp-json\/wp\/v2\/media?parent=3840"}],"curies":[{"name":"wp","href":"https:\/\/api.w.org\/{rel}","templated":true}]}}